{"id":180,"date":"2026-04-06T12:26:56","date_gmt":"2026-04-06T12:26:56","guid":{"rendered":"https:\/\/www.helmheroes.com\/product\/tom-boonen\/"},"modified":"2026-04-20T08:44:54","modified_gmt":"2026-04-20T06:44:54","slug":"tom-boonen","status":"publish","type":"product","link":"https:\/\/www.helmheroes.com\/fr\/produit\/tom-boonen\/","title":{"rendered":"Tom Boonen"},"content":{"rendered":"","protected":false},"excerpt":{"rendered":"<p>Tom Boonen est l\u2019incarnation m\u00eame des classiques flandriennes sur pav\u00e9s. Avec quatre victoires sur Paris-Roubaix et trois sur le Tour des Flandres, il a domin\u00e9 les classiques printani\u00e8res pendant une d\u00e9cennie. Son sprint sur le v\u00e9lodrome de Roubaix est devenu une image famili\u00e8re pour tout amateur de cyclisme.<\/p>\n","protected":false},"featured_media":291,"template":"","meta":{"_acf_changed":false,"_analytify_skip_tracking":false},"product_brand":[],"product_cat":[32],"product_tag":[],"class_list":{"0":"post-180","1":"product","2":"type-product","3":"status-publish","4":"has-post-thumbnail","6":"product_cat-non-classe","7":"entry","8":"has-media","10":"first","11":"instock","12":"shipping-taxable","13":"purchasable","14":"product-type-auction"},"acf":[],"_links":{"self":[{"href":"https:\/\/www.helmheroes.com\/fr\/wp-json\/wp\/v2\/product\/180","targetHints":{"allow":["GET"]}}],"collection":[{"href":"https:\/\/www.helmheroes.com\/fr\/wp-json\/wp\/v2\/product"}],"about":[{"href":"https:\/\/www.helmheroes.com\/fr\/wp-json\/wp\/v2\/types\/product"}],"wp:featuredmedia":[{"embeddable":true,"href":"https:\/\/www.helmheroes.com\/fr\/wp-json\/wp\/v2\/media\/291"}],"wp:attachment":[{"href":"https:\/\/www.helmheroes.com\/fr\/wp-json\/wp\/v2\/media?parent=180"}],"wp:term":[{"taxonomy":"product_brand","embeddable":true,"href":"https:\/\/www.helmheroes.com\/fr\/wp-json\/wp\/v2\/product_brand?post=180"},{"taxonomy":"product_cat","embeddable":true,"href":"https:\/\/www.helmheroes.com\/fr\/wp-json\/wp\/v2\/product_cat?post=180"},{"taxonomy":"product_tag","embeddable":true,"href":"https:\/\/www.helmheroes.com\/fr\/wp-json\/wp\/v2\/product_tag?post=180"}],"curies":[{"name":"wp","href":"https:\/\/api.w.org\/{rel}","templated":true}]}}