{"id":177,"date":"2026-04-06T09:09:31","date_gmt":"2026-04-06T09:09:31","guid":{"rendered":"https:\/\/www.helmheroes.com\/product\/roger-de-vlaeminck\/"},"modified":"2026-04-21T00:32:54","modified_gmt":"2026-04-20T22:32:54","slug":"roger-de-vlaeminck","status":"publish","type":"product","link":"https:\/\/www.helmheroes.com\/fr\/produit\/roger-de-vlaeminck\/","title":{"rendered":"Roger De Vlaeminck"},"content":{"rendered":"","protected":false},"excerpt":{"rendered":"<p>Aucun coureur n\u2019a remport\u00e9 Paris-Roubaix plus souvent que Roger De Vlaeminck. Il a triomph\u00e9 \u00e0 quatre reprises sur l\u2019\u00ab\u00a0Enfer du Nord\u00a0\u00bb, un record qui reste in\u00e9gal\u00e9 \u00e0 ce jour. De Vlaeminck a en outre remport\u00e9 les cinq Monuments au cours de sa carri\u00e8re \u2014 un exploit r\u00e9serv\u00e9 \u00e0 une poign\u00e9e de coureurs seulement.<\/p>\n","protected":false},"featured_media":297,"template":"","meta":{"_acf_changed":false,"_analytify_skip_tracking":false},"product_brand":[],"product_cat":[32],"product_tag":[],"class_list":{"0":"post-177","1":"product","2":"type-product","3":"status-publish","4":"has-post-thumbnail","6":"product_cat-non-classe","7":"entry","8":"has-media","10":"first","11":"instock","12":"shipping-taxable","13":"purchasable","14":"product-type-auction"},"acf":[],"_links":{"self":[{"href":"https:\/\/www.helmheroes.com\/fr\/wp-json\/wp\/v2\/product\/177","targetHints":{"allow":["GET"]}}],"collection":[{"href":"https:\/\/www.helmheroes.com\/fr\/wp-json\/wp\/v2\/product"}],"about":[{"href":"https:\/\/www.helmheroes.com\/fr\/wp-json\/wp\/v2\/types\/product"}],"wp:featuredmedia":[{"embeddable":true,"href":"https:\/\/www.helmheroes.com\/fr\/wp-json\/wp\/v2\/media\/297"}],"wp:attachment":[{"href":"https:\/\/www.helmheroes.com\/fr\/wp-json\/wp\/v2\/media?parent=177"}],"wp:term":[{"taxonomy":"product_brand","embeddable":true,"href":"https:\/\/www.helmheroes.com\/fr\/wp-json\/wp\/v2\/product_brand?post=177"},{"taxonomy":"product_cat","embeddable":true,"href":"https:\/\/www.helmheroes.com\/fr\/wp-json\/wp\/v2\/product_cat?post=177"},{"taxonomy":"product_tag","embeddable":true,"href":"https:\/\/www.helmheroes.com\/fr\/wp-json\/wp\/v2\/product_tag?post=177"}],"curies":[{"name":"wp","href":"https:\/\/api.w.org\/{rel}","templated":true}]}}