{"id":176,"date":"2026-04-06T12:25:39","date_gmt":"2026-04-06T12:25:39","guid":{"rendered":"https:\/\/www.helmheroes.com\/product\/johan-museeuw\/"},"modified":"2026-04-20T08:45:13","modified_gmt":"2026-04-20T06:45:13","slug":"johan-museeuw","status":"publish","type":"product","link":"https:\/\/www.helmheroes.com\/fr\/produit\/johan-museeuw\/","title":{"rendered":"Johan Museeuw"},"content":{"rendered":"","protected":false},"excerpt":{"rendered":"<p><strong>Le Lion des Flandres<\/strong>\u00a0Johan Museeuw courait avec un c\u0153ur de lion. Il a remport\u00e9 trois fois le Tour des Flandres et trois fois Paris-Roubaix. Son retour h\u00e9ro\u00efque apr\u00e8s une grave blessure au genou sur les pav\u00e9s de Roubaix en 1998 \u2014 et sa victoire ult\u00e9rieure sur ces m\u00eames routes \u2014 compte parmi les plus beaux moments du cyclisme.<\/p>\n","protected":false},"featured_media":293,"template":"","meta":{"_acf_changed":false,"_analytify_skip_tracking":false},"product_brand":[],"product_cat":[32],"product_tag":[],"class_list":{"0":"post-176","1":"product","2":"type-product","3":"status-publish","4":"has-post-thumbnail","6":"product_cat-non-classe","7":"entry","8":"has-media","10":"first","11":"instock","12":"shipping-taxable","13":"purchasable","14":"product-type-auction"},"acf":[],"_links":{"self":[{"href":"https:\/\/www.helmheroes.com\/fr\/wp-json\/wp\/v2\/product\/176","targetHints":{"allow":["GET"]}}],"collection":[{"href":"https:\/\/www.helmheroes.com\/fr\/wp-json\/wp\/v2\/product"}],"about":[{"href":"https:\/\/www.helmheroes.com\/fr\/wp-json\/wp\/v2\/types\/product"}],"wp:featuredmedia":[{"embeddable":true,"href":"https:\/\/www.helmheroes.com\/fr\/wp-json\/wp\/v2\/media\/293"}],"wp:attachment":[{"href":"https:\/\/www.helmheroes.com\/fr\/wp-json\/wp\/v2\/media?parent=176"}],"wp:term":[{"taxonomy":"product_brand","embeddable":true,"href":"https:\/\/www.helmheroes.com\/fr\/wp-json\/wp\/v2\/product_brand?post=176"},{"taxonomy":"product_cat","embeddable":true,"href":"https:\/\/www.helmheroes.com\/fr\/wp-json\/wp\/v2\/product_cat?post=176"},{"taxonomy":"product_tag","embeddable":true,"href":"https:\/\/www.helmheroes.com\/fr\/wp-json\/wp\/v2\/product_tag?post=176"}],"curies":[{"name":"wp","href":"https:\/\/api.w.org\/{rel}","templated":true}]}}