{"id":170,"date":"2026-04-06T12:24:30","date_gmt":"2026-04-06T12:24:30","guid":{"rendered":"https:\/\/www.helmheroes.com\/product\/frank-vandenbroucke\/"},"modified":"2026-04-21T00:32:54","modified_gmt":"2026-04-20T22:32:54","slug":"frank-vandenbroucke","status":"publish","type":"product","link":"https:\/\/www.helmheroes.com\/fr\/produit\/frank-vandenbroucke\/","title":{"rendered":"Frank Vandenbroucke"},"content":{"rendered":"<p>Frank Vandenbroucke \u00e9tait peut-\u00eatre le plus grand talent que le cyclisme n\u2019ait jamais connu. Sa victoire \u00e0 Li\u00e8ge-Bastogne-Li\u00e8ge en 1999, en solitaire apr\u00e8s une attaque ph\u00e9nom\u00e9nale sur La Redoute, \u00e9tait d\u2019une classe rare. VDB, comme il \u00e9tait surnomm\u00e9 affectueusement, a v\u00e9cu intens\u00e9ment et a couru plus fort encore \u2014 une histoire tragique et magnifique \u00e0 la fois que le cyclisme n\u2019oubliera jamais.<\/p>\n","protected":false},"excerpt":{"rendered":"<p>Frank Vandenbroucke \u00e9tait peut-\u00eatre le plus grand talent que le cyclisme n\u2019ait jamais connu. Sa victoire \u00e0 Li\u00e8ge-Bastogne-Li\u00e8ge en 1999, en solitaire apr\u00e8s une attaque ph\u00e9nom\u00e9nale sur La Redoute, \u00e9tait d\u2019une classe rare. VDB, comme il \u00e9tait surnomm\u00e9 affectueusement, a v\u00e9cu intens\u00e9ment et a couru plus fort encore \u2014 une histoire tragique et magnifique \u00e0 la fois que le cyclisme n\u2019oubliera jamais.<\/p>\n","protected":false},"featured_media":295,"template":"","meta":{"_acf_changed":false,"_analytify_skip_tracking":false},"product_brand":[],"product_cat":[32],"product_tag":[],"class_list":{"0":"post-170","1":"product","2":"type-product","3":"status-publish","4":"has-post-thumbnail","6":"product_cat-non-classe","7":"entry","8":"has-media","10":"first","11":"instock","12":"shipping-taxable","13":"purchasable","14":"product-type-auction"},"acf":[],"_links":{"self":[{"href":"https:\/\/www.helmheroes.com\/fr\/wp-json\/wp\/v2\/product\/170","targetHints":{"allow":["GET"]}}],"collection":[{"href":"https:\/\/www.helmheroes.com\/fr\/wp-json\/wp\/v2\/product"}],"about":[{"href":"https:\/\/www.helmheroes.com\/fr\/wp-json\/wp\/v2\/types\/product"}],"wp:featuredmedia":[{"embeddable":true,"href":"https:\/\/www.helmheroes.com\/fr\/wp-json\/wp\/v2\/media\/295"}],"wp:attachment":[{"href":"https:\/\/www.helmheroes.com\/fr\/wp-json\/wp\/v2\/media?parent=170"}],"wp:term":[{"taxonomy":"product_brand","embeddable":true,"href":"https:\/\/www.helmheroes.com\/fr\/wp-json\/wp\/v2\/product_brand?post=170"},{"taxonomy":"product_cat","embeddable":true,"href":"https:\/\/www.helmheroes.com\/fr\/wp-json\/wp\/v2\/product_cat?post=170"},{"taxonomy":"product_tag","embeddable":true,"href":"https:\/\/www.helmheroes.com\/fr\/wp-json\/wp\/v2\/product_tag?post=170"}],"curies":[{"name":"wp","href":"https:\/\/api.w.org\/{rel}","templated":true}]}}