{"id":187,"date":"2026-04-06T18:39:22","date_gmt":"2026-04-06T16:39:22","guid":{"rendered":"https:\/\/www.helmheroes.com\/la-ligue-des-lesions-cerebrales\/"},"modified":"2026-04-15T20:25:13","modified_gmt":"2026-04-15T18:25:13","slug":"hersenletsel-liga","status":"publish","type":"page","link":"https:\/\/www.helmheroes.com\/fr\/hersenletsel-liga\/","title":{"rendered":"Hersenletsel Liga"},"content":{"rendered":"<div class=\"wpb-content-wrapper\">[vc_row content_placement=\u00a0\u00bbmiddle\u00a0\u00bb full_height=\u00a0\u00bbyes\u00a0\u00bb el_class=\u00a0\u00bbwpex-pt-50 wpex-pb-50&Prime; max_width_custom=\u00a0\u00bb800px\u00a0\u00bb][vc_column][vc_column_text css=\u00a0\u00bb\u00a0\u00bb bottom_margin=\u00a0\u00bb30px\u00a0\u00bb text_align=\u00a0\u00bbcenter\u00a0\u00bb]La Hersenletsel Liga \u0153uvre pour les personnes souffrant d\u2019une l\u00e9sion c\u00e9r\u00e9brale acquise et pour leurs proches. Gr\u00e2ce au soutien, \u00e0 l\u2019information et \u00e0 la sensibilisation, notre organisation se consacre \u00e0 une mission claire : am\u00e9liorer la qualit\u00e9 de vie personnes atteintes d\u2019une l\u00e9sion c\u00e9r\u00e9brale et de tous ceux qui les entourent.<\/p>\n<p>Parall\u00e8lement, la Hersenletsel Liga mise fortement sur la pr\u00e9vention. Car les l\u00e9sions c\u00e9r\u00e9brales qui peuvent \u00eatre \u00e9vit\u00e9es doivent effectivement l\u2019\u00eatre. \u00c0 travers des campagnes cibl\u00e9es sur le port du casque v\u00e9lo, notre organisation souhaite accro\u00eetre la sensibilisation et contribuer \u00e0 une plus grande s\u00e9curit\u00e9 \u00e0 v\u00e9lo.<\/p>\n<p>Les chiffres parlent d\u2019eux-m\u00eames : 1 victime de la route gravement bless\u00e9e sur 2 arrivant aux urgences est un cycliste, et 42 % d\u2019entre eux souffrent de traumatismes cr\u00e2niens. Le port du casque r\u00e9duit le risque de traumatisme cr\u00e2nien grave de plus de 60 %. Le risque de l\u00e9sion c\u00e9r\u00e9brale mortelle diminue m\u00eame de 70 %. Un petit geste peut donc faire une grande diff\u00e9rence : \u00e0 tout \u00e2ge, pour tout v\u00e9lo, pour toute distance \u2014 portez toujours votre casque.<\/p>\n<p>Avec le project HelmHeroes, notre mission trouve une traduction particuli\u00e8re. HelmHeroes soutient le travail de la Hersenletsel Liga, permet d\u2019aider encore plus de personnes atteintes d\u2019une l\u00e9sion c\u00e9r\u00e9brale ainsi que leur entourage.<\/p>\n<p>HelmHeroes contribue \u00e0 un avenir o\u00f9 les l\u00e9sions c\u00e9r\u00e9brales seront mieux connues par le grand public et plus \u00e9vitables.<\/p>\n<p>Plus d\u2019infos sur :\u00a0<a href=\"https:\/\/www.hersenletselliga.be\/\" target=\"_blank\" rel=\"noopener\">www.hersenletselliga.be<\/a>[\/vc_column_text][\/vc_column][\/vc_row]\n<\/div>","protected":false},"excerpt":{"rendered":"<p>[vc_row content_placement=\u00a0\u00bbmiddle\u00a0\u00bb full_height=\u00a0\u00bbyes\u00a0\u00bb el_class=\u00a0\u00bbwpex-pt-50 wpex-pb-50&Prime; max_width_custom=\u00a0\u00bb800px\u00a0\u00bb][vc_column][vc_column_text css=\u00a0\u00bb\u00a0\u00bb bottom_margin=\u00a0\u00bb30px\u00a0\u00bb text_align=\u00a0\u00bbcenter\u00a0\u00bb]La Hersenletsel Liga \u0153uvre pour les personnes souffrant d\u2019une l\u00e9sion c\u00e9r\u00e9brale acquise et pour leurs proches. Gr\u00e2ce au soutien, \u00e0 l\u2019information et \u00e0 la sensibilisation, notre organisation se consacre \u00e0 une mission claire : am\u00e9liorer la qualit\u00e9 de vie personnes atteintes d\u2019une l\u00e9sion c\u00e9r\u00e9brale et de tous&hellip;<\/p>\n","protected":false},"author":1,"featured_media":0,"parent":0,"menu_order":0,"comment_status":"closed","ping_status":"closed","template":"","meta":{"_acf_changed":false,"_analytify_skip_tracking":false,"footnotes":""},"class_list":["post-187","page","type-page","status-publish","hentry","entry","no-media"],"acf":[],"_links":{"self":[{"href":"https:\/\/www.helmheroes.com\/fr\/wp-json\/wp\/v2\/pages\/187","targetHints":{"allow":["GET"]}}],"collection":[{"href":"https:\/\/www.helmheroes.com\/fr\/wp-json\/wp\/v2\/pages"}],"about":[{"href":"https:\/\/www.helmheroes.com\/fr\/wp-json\/wp\/v2\/types\/page"}],"author":[{"embeddable":true,"href":"https:\/\/www.helmheroes.com\/fr\/wp-json\/wp\/v2\/users\/1"}],"replies":[{"embeddable":true,"href":"https:\/\/www.helmheroes.com\/fr\/wp-json\/wp\/v2\/comments?post=187"}],"version-history":[{"count":3,"href":"https:\/\/www.helmheroes.com\/fr\/wp-json\/wp\/v2\/pages\/187\/revisions"}],"predecessor-version":[{"id":255,"href":"https:\/\/www.helmheroes.com\/fr\/wp-json\/wp\/v2\/pages\/187\/revisions\/255"}],"wp:attachment":[{"href":"https:\/\/www.helmheroes.com\/fr\/wp-json\/wp\/v2\/media?parent=187"}],"curies":[{"name":"wp","href":"https:\/\/api.w.org\/{rel}","templated":true}]}}