{"id":184,"date":"2026-04-06T09:10:34","date_gmt":"2026-04-06T07:10:34","guid":{"rendered":"https:\/\/www.helmheroes.com\/les-oeuvres-dart\/"},"modified":"2026-04-23T08:42:04","modified_gmt":"2026-04-23T06:42:04","slug":"les-oeuvres-dart","status":"publish","type":"page","link":"https:\/\/www.helmheroes.com\/fr\/","title":{"rendered":"Les \u0153uvres d\u2019art"},"content":{"rendered":"<div class=\"wpb-content-wrapper\">[vc_row el_class=\u00a0\u00bbwpex-pt-50 wpex-pb-50&Prime;][vc_column][vc_column_text css=\u00a0\u00bb\u00a0\u00bb width=\u00a0\u00bb80%\u00a0\u00bb text_align=\u00a0\u00bbcenter\u00a0\u00bb font_size=\u00a0\u00bbbase\u00a0\u00bb bottom_margin=\u00a0\u00bb40px\u00a0\u00bb]On ne saurait surestimer l\u2019importance du port du casque v\u00e9lo.<\/p>\n<p>Saviez-vous que le port du casque r\u00e9duit de plus de 60 % le risque de l\u00e9sions c\u00e9r\u00e9brales graves en cas de chute ? Porter un casque est une habitude simple qui peut faire toute la diff\u00e9rence entre une blessure l\u00e9g\u00e8re et des cons\u00e9quences \u00e0 vie.<\/p>\n<p>L\u2019artiste graphique Fries Vansevenant a immortalis\u00e9 plusieurs grandes\u00a0 figures du cyclisme dans son style unique, tels qu\u2019Eddy Merckx, Roger De Vlaeminck, Frank Vandenbroucke, Johan Museeuw et Tom Boonen &#8211; tous repr\u00e9sent\u00e9s avec un casque, bien entendu.<\/p>\n<p><em>Les \u0153uvres seront mises aux ench\u00e8res a partir du 30 mai 2026 au profit de la Hersenletsel Liga<\/em>.[\/vc_column_text]<style>.vcex-countdown-wrap.vcex_69ecd4a1d7e48{text-align:center;}<\/style><div class=\"vcex-countdown-wrap vcex-module wpex-text-center vcex_69ecd4a1d7e48\"><div class=\"vcex-countdown vcex-countdown--boxed wpex-flex wpex-flex-wrap wpex-justify-center wpex-gap-20\" data-countdown=\"2026-05-30 14:00\" data-days=\"jours\" data-hours=\"heures\" data-minutes=\"minutes\" data-seconds=\"secondes\" data-timezone=\"Europe\/Brussels\" data-item-class=\"wpex-flex wpex-flex-row wpex-items-center wpex-gap-5 wpex-justify-center wpex-boxed\"><\/div><\/div>[\/vc_column][\/vc_row][vc_row el_class=\u00a0\u00bbwpex-pt-50 wpex-pb-50&Prime;][vc_column]<div class=\"wpex-post-cards wpex-post-cards-template_54 wpex-relative\"><div class=\"wpex-post-cards-inner\"><div class=\"wpex-post-cards-loop wpex-post-cards-grid wpex-row wpex-clr\"><div class=\"wpex-post-cards-entry col col-1 span_1_of_5 post-154 type-product product_type-21 product_cat-32 translation_priority-26 yith_wcact_auction_status-17\"><div class=\"wpex-card wpex-card-template_54\"><a href=\"https:\/\/www.helmheroes.com\/fr\/produit\/eddy-merckx\/\" aria-label=\"Eddy Merckx\" class=\"wpex-card-inner wpex-no-underline wpex-inherit-color\"><div class=\"vc_row wpb_row vc_row-fluid wpex-relative\"><div class=\"wpb_column vc_column_container vc_col-sm-12\"><div class=\"vc_column-inner\"><div class=\"wpb_wrapper\"><figure class=\"vcex-image vcex-module wpex-mb-20\"><div class=\"vcex-image-inner wpex-relative wpex-inline-block\"><img width=\"916\" height=\"1211\" src=\"https:\/\/www.helmheroes.com\/wp-content\/uploads\/sites\/3\/2026\/04\/HH-EM-flat-CMYK-small-e1776873539471.jpg\" class=\"vcex-image-img wpex-align-middle\" alt=\"\" loading=\"lazy\" decoding=\"async\" \/><\/div><\/figure><style>.vcex-heading.vcex_69ecd4a1db722{font-size:var(--wpex-text-lg);}<\/style><h3 class=\"vcex-heading vcex-heading-side-border vcex-module wpex-heading wpex-text-2xl wpex-h3 wpex-flex wpex-items-center wpex-text-center vcex_69ecd4a1db722\"><span class=\"vcex-heading-side-border__border wpex-flex-grow wpex-h-0 wpex-border-solid wpex-border-gray-900 wpex-border-b-3 wpex-mr-15\"><\/span><span class=\"vcex-heading-inner wpex-inline-block\">Eddy Merckx<\/span><span class=\"vcex-heading-side-border__border wpex-flex-grow wpex-h-0 wpex-border-solid wpex-border-gray-900 wpex-ml-15 wpex-border-b-3\"><\/span><\/h3><\/div><\/div><\/div><\/div><\/a><\/div><\/div><div class=\"wpex-post-cards-entry col col-2 span_1_of_5 post-180 type-product product_type-21 product_cat-32 translation_priority-26 yith_wcact_auction_status-17\"><div class=\"wpex-card wpex-card-template_54\"><a href=\"https:\/\/www.helmheroes.com\/fr\/produit\/tom-boonen\/\" aria-label=\"Tom Boonen\" class=\"wpex-card-inner wpex-no-underline wpex-inherit-color\"><div class=\"vc_row wpb_row vc_row-fluid wpex-relative\"><div class=\"wpb_column vc_column_container vc_col-sm-12\"><div class=\"vc_column-inner\"><div class=\"wpb_wrapper\"><figure class=\"vcex-image vcex-module wpex-mb-20\"><div class=\"vcex-image-inner wpex-relative wpex-inline-block\"><img width=\"916\" height=\"1211\" src=\"https:\/\/www.helmheroes.com\/wp-content\/uploads\/sites\/3\/2026\/04\/HH-TB-flat-CMYK-small-e1776873525373.jpg\" class=\"vcex-image-img wpex-align-middle\" alt=\"\" loading=\"lazy\" decoding=\"async\" \/><\/div><\/figure><style>.vcex-heading.vcex_69ecd4a1dcdf0{font-size:var(--wpex-text-lg);}<\/style><h3 class=\"vcex-heading vcex-heading-side-border vcex-module wpex-heading wpex-text-2xl wpex-h3 wpex-flex wpex-items-center wpex-text-center vcex_69ecd4a1dcdf0\"><span class=\"vcex-heading-side-border__border wpex-flex-grow wpex-h-0 wpex-border-solid wpex-border-gray-900 wpex-border-b-3 wpex-mr-15\"><\/span><span class=\"vcex-heading-inner wpex-inline-block\">Tom Boonen<\/span><span class=\"vcex-heading-side-border__border wpex-flex-grow wpex-h-0 wpex-border-solid wpex-border-gray-900 wpex-ml-15 wpex-border-b-3\"><\/span><\/h3><\/div><\/div><\/div><\/div><\/a><\/div><\/div><div class=\"wpex-post-cards-entry col col-3 span_1_of_5 post-176 type-product product_type-21 product_cat-32 translation_priority-26 yith_wcact_auction_status-17\"><div class=\"wpex-card wpex-card-template_54\"><a href=\"https:\/\/www.helmheroes.com\/fr\/produit\/johan-museeuw\/\" aria-label=\"Johan Museeuw\" class=\"wpex-card-inner wpex-no-underline wpex-inherit-color\"><div class=\"vc_row wpb_row vc_row-fluid wpex-relative\"><div class=\"wpb_column vc_column_container vc_col-sm-12\"><div class=\"vc_column-inner\"><div class=\"wpb_wrapper\"><figure class=\"vcex-image vcex-module wpex-mb-20\"><div class=\"vcex-image-inner wpex-relative wpex-inline-block\"><img width=\"916\" height=\"1211\" src=\"https:\/\/www.helmheroes.com\/wp-content\/uploads\/sites\/3\/2026\/04\/HH-JM-flat-CMYK-small-e1776873563951.jpg\" class=\"vcex-image-img wpex-align-middle\" alt=\"\" loading=\"lazy\" decoding=\"async\" \/><\/div><\/figure><style>.vcex-heading.vcex_69ecd4a1de47c{font-size:var(--wpex-text-lg);}<\/style><h3 class=\"vcex-heading vcex-heading-side-border vcex-module wpex-heading wpex-text-2xl wpex-h3 wpex-flex wpex-items-center wpex-text-center vcex_69ecd4a1de47c\"><span class=\"vcex-heading-side-border__border wpex-flex-grow wpex-h-0 wpex-border-solid wpex-border-gray-900 wpex-border-b-3 wpex-mr-15\"><\/span><span class=\"vcex-heading-inner wpex-inline-block\">Johan Museeuw<\/span><span class=\"vcex-heading-side-border__border wpex-flex-grow wpex-h-0 wpex-border-solid wpex-border-gray-900 wpex-ml-15 wpex-border-b-3\"><\/span><\/h3><\/div><\/div><\/div><\/div><\/a><\/div><\/div><div class=\"wpex-post-cards-entry col col-4 span_1_of_5 post-170 type-product product_type-21 product_cat-32 translation_priority-26 yith_wcact_auction_status-17\"><div class=\"wpex-card wpex-card-template_54\"><a href=\"https:\/\/www.helmheroes.com\/fr\/produit\/frank-vandenbroucke\/\" aria-label=\"Frank Vandenbroucke\" class=\"wpex-card-inner wpex-no-underline wpex-inherit-color\"><div class=\"vc_row wpb_row vc_row-fluid wpex-relative\"><div class=\"wpb_column vc_column_container vc_col-sm-12\"><div class=\"vc_column-inner\"><div class=\"wpb_wrapper\"><figure class=\"vcex-image vcex-module wpex-mb-20\"><div class=\"vcex-image-inner wpex-relative wpex-inline-block\"><img width=\"916\" height=\"1211\" src=\"https:\/\/www.helmheroes.com\/wp-content\/uploads\/sites\/3\/2026\/04\/HH-FV-flat-CMYK-small-e1776873552998.jpg\" class=\"vcex-image-img wpex-align-middle\" alt=\"\" loading=\"lazy\" decoding=\"async\" \/><\/div><\/figure><style>.vcex-heading.vcex_69ecd4a1df760{font-size:var(--wpex-text-lg);}<\/style><h3 class=\"vcex-heading vcex-heading-side-border vcex-module wpex-heading wpex-text-2xl wpex-h3 wpex-flex wpex-items-center wpex-text-center vcex_69ecd4a1df760\"><span class=\"vcex-heading-side-border__border wpex-flex-grow wpex-h-0 wpex-border-solid wpex-border-gray-900 wpex-border-b-3 wpex-mr-15\"><\/span><span class=\"vcex-heading-inner wpex-inline-block\">Frank Vandenbroucke<\/span><span class=\"vcex-heading-side-border__border wpex-flex-grow wpex-h-0 wpex-border-solid wpex-border-gray-900 wpex-ml-15 wpex-border-b-3\"><\/span><\/h3><\/div><\/div><\/div><\/div><\/a><\/div><\/div><div class=\"wpex-post-cards-entry col col-5 span_1_of_5 post-177 type-product product_type-21 product_cat-32 translation_priority-26 yith_wcact_auction_status-17\"><div class=\"wpex-card wpex-card-template_54\"><a href=\"https:\/\/www.helmheroes.com\/fr\/produit\/roger-de-vlaeminck\/\" aria-label=\"Roger De Vlaeminck\" class=\"wpex-card-inner wpex-no-underline wpex-inherit-color\"><div class=\"vc_row wpb_row vc_row-fluid wpex-relative\"><div class=\"wpb_column vc_column_container vc_col-sm-12\"><div class=\"vc_column-inner\"><div class=\"wpb_wrapper\"><figure class=\"vcex-image vcex-module wpex-mb-20\"><div class=\"vcex-image-inner wpex-relative wpex-inline-block\"><img width=\"916\" height=\"1211\" src=\"https:\/\/www.helmheroes.com\/wp-content\/uploads\/sites\/3\/2026\/04\/HH-RD-flat-CMYK-small-e1776873573910.jpg\" class=\"vcex-image-img wpex-align-middle\" alt=\"\" loading=\"lazy\" decoding=\"async\" \/><\/div><\/figure><style>.vcex-heading.vcex_69ecd4a1e0a1c{font-size:var(--wpex-text-lg);}<\/style><h3 class=\"vcex-heading vcex-heading-side-border vcex-module wpex-heading wpex-text-2xl wpex-h3 wpex-flex wpex-items-center wpex-text-center vcex_69ecd4a1e0a1c\"><span class=\"vcex-heading-side-border__border wpex-flex-grow wpex-h-0 wpex-border-solid wpex-border-gray-900 wpex-border-b-3 wpex-mr-15\"><\/span><span class=\"vcex-heading-inner wpex-inline-block\">Roger De Vlaeminck<\/span><span class=\"vcex-heading-side-border__border wpex-flex-grow wpex-h-0 wpex-border-solid wpex-border-gray-900 wpex-ml-15 wpex-border-b-3\"><\/span><\/h3><\/div><\/div><\/div><\/div><\/a><\/div><\/div><\/div><\/div><\/div>[\/vc_column][\/vc_row]\n<\/div>","protected":false},"excerpt":{"rendered":"","protected":false},"author":1,"featured_media":0,"parent":0,"menu_order":0,"comment_status":"closed","ping_status":"closed","template":"","meta":{"_acf_changed":false,"_analytify_skip_tracking":false,"footnotes":""},"class_list":["post-184","page","type-page","status-publish","hentry","entry","has-media"],"acf":[],"_links":{"self":[{"href":"https:\/\/www.helmheroes.com\/fr\/wp-json\/wp\/v2\/pages\/184","targetHints":{"allow":["GET"]}}],"collection":[{"href":"https:\/\/www.helmheroes.com\/fr\/wp-json\/wp\/v2\/pages"}],"about":[{"href":"https:\/\/www.helmheroes.com\/fr\/wp-json\/wp\/v2\/types\/page"}],"author":[{"embeddable":true,"href":"https:\/\/www.helmheroes.com\/fr\/wp-json\/wp\/v2\/users\/1"}],"replies":[{"embeddable":true,"href":"https:\/\/www.helmheroes.com\/fr\/wp-json\/wp\/v2\/comments?post=184"}],"version-history":[{"count":9,"href":"https:\/\/www.helmheroes.com\/fr\/wp-json\/wp\/v2\/pages\/184\/revisions"}],"predecessor-version":[{"id":305,"href":"https:\/\/www.helmheroes.com\/fr\/wp-json\/wp\/v2\/pages\/184\/revisions\/305"}],"wp:attachment":[{"href":"https:\/\/www.helmheroes.com\/fr\/wp-json\/wp\/v2\/media?parent=184"}],"curies":[{"name":"wp","href":"https:\/\/api.w.org\/{rel}","templated":true}]}}