{"id":134,"date":"2026-04-06T18:38:36","date_gmt":"2026-04-06T16:38:36","guid":{"rendered":"https:\/\/www.helmheroes.com\/a-propos-de-fries\/"},"modified":"2026-04-25T16:30:47","modified_gmt":"2026-04-25T14:30:47","slug":"a-propos-de-fries","status":"publish","type":"page","link":"https:\/\/www.helmheroes.com\/fr\/a-propos-de-fries\/","title":{"rendered":"\u00c0 propos de Fries"},"content":{"rendered":"<div class=\"wpb-content-wrapper\">[vc_row content_placement=\u00a0\u00bbmiddle\u00a0\u00bb full_height=\u00a0\u00bbyes\u00a0\u00bb max_width_custom=\u00a0\u00bb800px\u00a0\u00bb el_class=\u00a0\u00bbwpex-pt-50 wpex-pb-50&Prime;][vc_column][vc_column_text css=\u00a0\u00bb\u00a0\u00bb text_align=\u00a0\u00bbcenter\u00a0\u00bb]Fries Vansevenant (\u00b01985) est un artiste graphique, illustrateur et motion designer belge. Sa technique se situe \u00e0 l\u2019intersection des arts visuels, du design et de la culture visuelle, o\u00f9 il d\u00e9veloppe un univers singulier, \u00e0 la fois contemporain et intemporel. Dans son travail, la pr\u00e9cision graphique, la composition stratifi\u00e9e et un langage formel raffin\u00e9 fusionnent pour cr\u00e9er des images dot\u00e9es d\u2019une forte tension esth\u00e9tique. Anim\u00e9 par une fascination pour l\u2019iconographie, la nostalgie et le rythme, il cr\u00e9e des compositions sculpturales, ludiques et puissantes, qui portent une signature reconnaissable tant dans des contextes artistiques que culturels.<\/p>\n<p>Plus d\u2019info\u00a0: <a href=\"https:\/\/www.fries.studio\" target=\"_blank\" rel=\"noopener\">www.fries.studio<\/a>[\/vc_column_text][\/vc_column][\/vc_row]\n<\/div>","protected":false},"excerpt":{"rendered":"<p>[vc_row content_placement=\u00a0\u00bbmiddle\u00a0\u00bb full_height=\u00a0\u00bbyes\u00a0\u00bb max_width_custom=\u00a0\u00bb800px\u00a0\u00bb el_class=\u00a0\u00bbwpex-pt-50 wpex-pb-50&Prime;][vc_column][vc_column_text css=\u00a0\u00bb\u00a0\u00bb text_align=\u00a0\u00bbcenter\u00a0\u00bb]Fries Vansevenant (\u00b01985) est un artiste graphique, illustrateur et motion designer belge. Sa technique se situe \u00e0 l\u2019intersection des arts visuels, du design et de la culture visuelle, o\u00f9 il d\u00e9veloppe un univers singulier, \u00e0 la fois contemporain et intemporel. Dans son travail, la pr\u00e9cision graphique, la composition&hellip;<\/p>\n","protected":false},"author":1,"featured_media":0,"parent":0,"menu_order":0,"comment_status":"closed","ping_status":"closed","template":"","meta":{"_acf_changed":false,"_analytify_skip_tracking":false,"footnotes":""},"class_list":["post-134","page","type-page","status-publish","hentry","entry","no-media"],"acf":[],"_links":{"self":[{"href":"https:\/\/www.helmheroes.com\/fr\/wp-json\/wp\/v2\/pages\/134","targetHints":{"allow":["GET"]}}],"collection":[{"href":"https:\/\/www.helmheroes.com\/fr\/wp-json\/wp\/v2\/pages"}],"about":[{"href":"https:\/\/www.helmheroes.com\/fr\/wp-json\/wp\/v2\/types\/page"}],"author":[{"embeddable":true,"href":"https:\/\/www.helmheroes.com\/fr\/wp-json\/wp\/v2\/users\/1"}],"replies":[{"embeddable":true,"href":"https:\/\/www.helmheroes.com\/fr\/wp-json\/wp\/v2\/comments?post=134"}],"version-history":[{"count":4,"href":"https:\/\/www.helmheroes.com\/fr\/wp-json\/wp\/v2\/pages\/134\/revisions"}],"predecessor-version":[{"id":319,"href":"https:\/\/www.helmheroes.com\/fr\/wp-json\/wp\/v2\/pages\/134\/revisions\/319"}],"wp:attachment":[{"href":"https:\/\/www.helmheroes.com\/fr\/wp-json\/wp\/v2\/media?parent=134"}],"curies":[{"name":"wp","href":"https:\/\/api.w.org\/{rel}","templated":true}]}}